{"id":403,"date":"2022-06-26T21:52:12","date_gmt":"2022-06-26T18:52:12","guid":{"rendered":"https:\/\/arb.sahin61.com.tr\/?page_id=403"},"modified":"2022-07-02T23:12:07","modified_gmt":"2022-07-02T20:12:07","slug":"daily-tours","status":"publish","type":"page","link":"https:\/\/arb.sahin61.com.tr\/index.php\/daily-tours\/","title":{"rendered":"\u062c\u0648\u0644\u0627\u062a \u064a\u0648\u0645\u064a\u0629"},"content":{"rendered":"\t\t<div data-elementor-type=\"wp-page\" data-elementor-id=\"403\" class=\"elementor elementor-403\">\n\t\t\t\t\t\t<div class=\"elementor-inner\">\n\t\t\t\t<div class=\"elementor-section-wrap\">\n\t\t\t\t\t\t\t\t\t<section class=\"elementor-section elementor-top-section elementor-element elementor-element-c2cec82 elementor-section-boxed elementor-section-height-default elementor-section-height-default\" data-id=\"c2cec82\" data-element_type=\"section\">\n\t\t\t\t\t\t<div class=\"elementor-container elementor-column-gap-no\">\n\t\t\t\t\t\t\t<div class=\"elementor-row\">\n\t\t\t\t\t<div class=\"aux-parallax-section elementor-column elementor-col-100 elementor-top-column elementor-element elementor-element-d98c8a4\" data-id=\"d98c8a4\" data-element_type=\"column\">\n\t\t\t<div class=\"elementor-column-wrap elementor-element-populated\">\n\t\t\t\t\t\t\t<div class=\"elementor-widget-wrap\">\n\t\t\t\t\t\t<div class=\"elementor-element elementor-element-94f2271 aux-appear-watch-animation aux-fade-in-up elementor-widget elementor-widget-aux_modern_heading\" data-id=\"94f2271\" data-element_type=\"widget\" data-widget_type=\"aux_modern_heading.default\">\n\t\t\t\t<div class=\"elementor-widget-container\">\n\t\t\t<section class=\"aux-widget-modern-heading\">\n            <div class=\"aux-widget-inner\"><h3 class=\"aux-modern-heading-primary\">\u062c\u0648\u0644\u0627\u062a \u064a\u0648\u0645\u064a\u0629<\/h3><\/div>\n        <\/section>\t\t<\/div>\n\t\t\t\t<\/div>\n\t\t\t\t<section class=\"elementor-section elementor-inner-section elementor-element elementor-element-12c3322 aux-appear-watch-animation aux-fade-in-up elementor-section-boxed elementor-section-height-default elementor-section-height-default\" data-id=\"12c3322\" data-element_type=\"section\">\n\t\t\t\t\t\t<div class=\"elementor-container elementor-column-gap-default\">\n\t\t\t\t\t\t\t<div class=\"elementor-row\">\n\t\t\t\t\t<div class=\"aux-parallax-section elementor-column elementor-col-25 elementor-inner-column elementor-element elementor-element-8081fca\" data-id=\"8081fca\" data-element_type=\"column\" data-settings=\"{&quot;background_background&quot;:&quot;classic&quot;}\">\n\t\t\t<div class=\"elementor-column-wrap elementor-element-populated\">\n\t\t\t\t\t<div class=\"elementor-background-overlay\"><\/div>\n\t\t\t\t\t\t\t<div class=\"elementor-widget-wrap\">\n\t\t\t\t\t\t<div class=\"elementor-element elementor-element-264b8cb elementor-widget elementor-widget-text-editor\" data-id=\"264b8cb\" data-element_type=\"widget\" data-widget_type=\"text-editor.default\">\n\t\t\t\t<div class=\"elementor-widget-container\">\n\t\t\t\t\t\t\t\t<div class=\"elementor-text-editor elementor-clearfix\">\n\t\t\t\t<h4><strong><a class=\"row-title\" href=\"https:\/\/arb.sahin61.com.tr\/index.php\/ayder-plateau-rize-castle-anzer-plateau-girl-castle\/\" aria-label=\"\u201cAyder Yaylas\u0131 &amp; Rize Kalesi &amp; Anzer Yaylas\u0131 &amp; K\u0131z Kalesi\u201d (D\u00fczenle)\">\u0647\u0636\u0628\u0629 \u0622\u064a\u062f\u0631 &amp; \u0642\u0644\u0639\u0629 \u0631\u064a\u0632 &amp; \u0647\u0636\u0628\u0629 \u0623\u0646\u0632\u0631 &amp; \u0642\u0644\u0639\u0629 \u0627\u0644\u0628\u0646\u0627\u062a<\/a><\/strong><\/h4>\t\t\t\t\t<\/div>\n\t\t\t\t\t\t<\/div>\n\t\t\t\t<\/div>\n\t\t\t\t\t\t<\/div>\n\t\t\t\t\t<\/div>\n\t\t<\/div>\n\t\t\t\t<div class=\"aux-parallax-section elementor-column elementor-col-25 elementor-inner-column elementor-element elementor-element-6fea69d\" data-id=\"6fea69d\" data-element_type=\"column\" data-settings=\"{&quot;background_background&quot;:&quot;classic&quot;}\">\n\t\t\t<div class=\"elementor-column-wrap elementor-element-populated\">\n\t\t\t\t\t<div class=\"elementor-background-overlay\"><\/div>\n\t\t\t\t\t\t\t<div class=\"elementor-widget-wrap\">\n\t\t\t\t\t\t<div class=\"elementor-element elementor-element-dbb79b0 elementor-widget elementor-widget-text-editor\" data-id=\"dbb79b0\" data-element_type=\"widget\" data-widget_type=\"text-editor.default\">\n\t\t\t\t<div class=\"elementor-widget-container\">\n\t\t\t\t\t\t\t\t<div class=\"elementor-text-editor elementor-clearfix\">\n\t\t\t\t<h4><strong><a class=\"row-title\" href=\"https:\/\/arb.sahin61.com.tr\/index.php\/batumi\/\" aria-label=\"\u201cBatum\u201d (D\u00fczenle)\">\u0628\u0627\u062a\u0648\u0645<\/a><\/strong><\/h4>\t\t\t\t\t<\/div>\n\t\t\t\t\t\t<\/div>\n\t\t\t\t<\/div>\n\t\t\t\t\t\t<\/div>\n\t\t\t\t\t<\/div>\n\t\t<\/div>\n\t\t\t\t<div class=\"aux-parallax-section elementor-column elementor-col-25 elementor-inner-column elementor-element elementor-element-77052f0\" data-id=\"77052f0\" data-element_type=\"column\" data-settings=\"{&quot;background_background&quot;:&quot;classic&quot;}\">\n\t\t\t<div class=\"elementor-column-wrap elementor-element-populated\">\n\t\t\t\t\t<div class=\"elementor-background-overlay\"><\/div>\n\t\t\t\t\t\t\t<div class=\"elementor-widget-wrap\">\n\t\t\t\t\t\t<div class=\"elementor-element elementor-element-34aaab3 elementor-widget elementor-widget-text-editor\" data-id=\"34aaab3\" data-element_type=\"widget\" data-widget_type=\"text-editor.default\">\n\t\t\t\t<div class=\"elementor-widget-container\">\n\t\t\t\t\t\t\t\t<div class=\"elementor-text-editor elementor-clearfix\">\n\t\t\t\t<h4><strong><a class=\"row-title\" href=\"https:\/\/arb.sahin61.com.tr\/index.php\/borcka-lake\/\" aria-label=\"\u201cBor\u00e7ka G\u00f6l\u00fc\u201d (D\u00fczenle)\">\u0628\u062d\u064a\u0631\u0629 \u0628\u0648\u0631\u0634\u0643\u0627<\/a><\/strong><\/h4>\t\t\t\t\t<\/div>\n\t\t\t\t\t\t<\/div>\n\t\t\t\t<\/div>\n\t\t\t\t\t\t<\/div>\n\t\t\t\t\t<\/div>\n\t\t<\/div>\n\t\t\t\t<div class=\"aux-parallax-section elementor-column elementor-col-25 elementor-inner-column elementor-element elementor-element-d4491a3\" data-id=\"d4491a3\" data-element_type=\"column\" data-settings=\"{&quot;background_background&quot;:&quot;classic&quot;}\">\n\t\t\t<div class=\"elementor-column-wrap elementor-element-populated\">\n\t\t\t\t\t<div class=\"elementor-background-overlay\"><\/div>\n\t\t\t\t\t\t\t<div class=\"elementor-widget-wrap\">\n\t\t\t\t\t\t<div class=\"elementor-element elementor-element-cbcdddc elementor-widget elementor-widget-text-editor\" data-id=\"cbcdddc\" data-element_type=\"widget\" data-widget_type=\"text-editor.default\">\n\t\t\t\t<div class=\"elementor-widget-container\">\n\t\t\t\t\t\t\t\t<div class=\"elementor-text-editor elementor-clearfix\">\n\t\t\t\t<h4><strong><a class=\"row-title\" href=\"https:\/\/arb.sahin61.com.tr\/index.php\/borcka-lake-double-bridge\/\" aria-label=\"\u201cBor\u00e7ka Karag\u00f6l &amp; \u00c7ifte K\u00f6pr\u00fc\u201d (D\u00fczenle)\">\u0628\u0648\u0631\u0634\u0643\u0627 \u0628\u062d\u064a\u0631\u0629 \u0628\u0644\u0627\u0643 &amp; \u062f\u0628\u0644 \u0628\u0631\u064a\u062f\u062c<\/a><\/strong><\/h4>\t\t\t\t\t<\/div>\n\t\t\t\t\t\t<\/div>\n\t\t\t\t<\/div>\n\t\t\t\t\t\t<\/div>\n\t\t\t\t\t<\/div>\n\t\t<\/div>\n\t\t\t\t\t\t\t\t<\/div>\n\t\t\t\t\t<\/div>\n\t\t<\/section>\n\t\t\t\t<section class=\"elementor-section elementor-inner-section elementor-element elementor-element-e53c982 elementor-section-boxed elementor-section-height-default elementor-section-height-default\" data-id=\"e53c982\" data-element_type=\"section\">\n\t\t\t\t\t\t<div class=\"elementor-container elementor-column-gap-default\">\n\t\t\t\t\t\t\t<div class=\"elementor-row\">\n\t\t\t\t\t<div class=\"aux-parallax-section elementor-column elementor-col-25 elementor-inner-column elementor-element elementor-element-257b450\" data-id=\"257b450\" data-element_type=\"column\" data-settings=\"{&quot;background_background&quot;:&quot;classic&quot;}\">\n\t\t\t<div class=\"elementor-column-wrap elementor-element-populated\">\n\t\t\t\t\t<div class=\"elementor-background-overlay\"><\/div>\n\t\t\t\t\t\t\t<div class=\"elementor-widget-wrap\">\n\t\t\t\t\t\t<div class=\"elementor-element elementor-element-9eb1eeb elementor-widget elementor-widget-text-editor\" data-id=\"9eb1eeb\" data-element_type=\"widget\" data-widget_type=\"text-editor.default\">\n\t\t\t\t<div class=\"elementor-widget-container\">\n\t\t\t\t\t\t\t\t<div class=\"elementor-text-editor elementor-clearfix\">\n\t\t\t\t<h4><strong><a class=\"row-title\" href=\"https:\/\/arb.sahin61.com.tr\/index.php\/storm-creek\/\" aria-label=\"\u201cF\u0131rt\u0131na Deresi\u201d (D\u00fczenle)\">\u0633\u062a\u0648\u0631\u0645 \u0643\u0631\u064a\u0643<\/a><\/strong><\/h4>\t\t\t\t\t<\/div>\n\t\t\t\t\t\t<\/div>\n\t\t\t\t<\/div>\n\t\t\t\t\t\t<\/div>\n\t\t\t\t\t<\/div>\n\t\t<\/div>\n\t\t\t\t<div class=\"aux-parallax-section elementor-column elementor-col-25 elementor-inner-column elementor-element elementor-element-6aa9a3a\" data-id=\"6aa9a3a\" data-element_type=\"column\" data-settings=\"{&quot;background_background&quot;:&quot;classic&quot;}\">\n\t\t\t<div class=\"elementor-column-wrap elementor-element-populated\">\n\t\t\t\t\t<div class=\"elementor-background-overlay\"><\/div>\n\t\t\t\t\t\t\t<div class=\"elementor-widget-wrap\">\n\t\t\t\t\t\t<div class=\"elementor-element elementor-element-4fa3877 elementor-widget elementor-widget-text-editor\" data-id=\"4fa3877\" data-element_type=\"widget\" data-widget_type=\"text-editor.default\">\n\t\t\t\t<div class=\"elementor-widget-container\">\n\t\t\t\t\t\t\t\t<div class=\"elementor-text-editor elementor-clearfix\">\n\t\t\t\t<h4><strong><a class=\"row-title\" href=\"https:\/\/arb.sahin61.com.tr\/index.php\/gito-plateau\/\" aria-label=\"\u201cGito Yaylas\u0131\u201d (D\u00fczenle)\">\u0647\u0636\u0628\u0629 \u062c\u064a\u062a\u0648<\/a><\/strong><\/h4>\t\t\t\t\t<\/div>\n\t\t\t\t\t\t<\/div>\n\t\t\t\t<\/div>\n\t\t\t\t\t\t<\/div>\n\t\t\t\t\t<\/div>\n\t\t<\/div>\n\t\t\t\t<div class=\"aux-parallax-section elementor-column elementor-col-25 elementor-inner-column elementor-element elementor-element-ce80b3d\" data-id=\"ce80b3d\" data-element_type=\"column\" data-settings=\"{&quot;background_background&quot;:&quot;classic&quot;}\">\n\t\t\t<div class=\"elementor-column-wrap elementor-element-populated\">\n\t\t\t\t\t<div class=\"elementor-background-overlay\"><\/div>\n\t\t\t\t\t\t\t<div class=\"elementor-widget-wrap\">\n\t\t\t\t\t\t<div class=\"elementor-element elementor-element-073b170 elementor-widget elementor-widget-text-editor\" data-id=\"073b170\" data-element_type=\"widget\" data-widget_type=\"text-editor.default\">\n\t\t\t\t<div class=\"elementor-widget-container\">\n\t\t\t\t\t\t\t\t<div class=\"elementor-text-editor elementor-clearfix\">\n\t\t\t\t<h4><strong><a href=\"https:\/\/arb.sahin61.com.tr\/index.php\/hidirnebi-plateau-fishes-lake-cal-cave\/\">\u0647\u0636\u0628\u0629 \u062d\u062f\u064a\u0631\u0646\u064a\u0628\u064a &amp; \u0628\u062d\u064a\u0631\u0629 \u0627\u0644\u0633\u0645\u0643 &amp; \u0643\u0647\u0641 \u0643\u0627\u0644<\/a><\/strong><\/h4>\t\t\t\t\t<\/div>\n\t\t\t\t\t\t<\/div>\n\t\t\t\t<\/div>\n\t\t\t\t\t\t<\/div>\n\t\t\t\t\t<\/div>\n\t\t<\/div>\n\t\t\t\t<div class=\"aux-parallax-section elementor-column elementor-col-25 elementor-inner-column elementor-element elementor-element-1693c5b\" data-id=\"1693c5b\" data-element_type=\"column\" data-settings=\"{&quot;background_background&quot;:&quot;classic&quot;}\">\n\t\t\t<div class=\"elementor-column-wrap elementor-element-populated\">\n\t\t\t\t\t<div class=\"elementor-background-overlay\"><\/div>\n\t\t\t\t\t\t\t<div class=\"elementor-widget-wrap\">\n\t\t\t\t\t\t<div class=\"elementor-element elementor-element-55311c8 elementor-widget elementor-widget-text-editor\" data-id=\"55311c8\" data-element_type=\"widget\" data-widget_type=\"text-editor.default\">\n\t\t\t\t<div class=\"elementor-widget-container\">\n\t\t\t\t\t\t\t\t<div class=\"elementor-text-editor elementor-clearfix\">\n\t\t\t\t<h4><strong><a class=\"row-title\" href=\"https:\/\/arb.sahin61.com.tr\/index.php\/huser-plateau\/\" aria-label=\"\u201cHuser Yaylas\u0131\u201d (D\u00fczenle)\">\u0647\u0648\u0633\u0631 \u0628\u0644\u0627\u062a\u0648<\/a><\/strong><\/h4>\t\t\t\t\t<\/div>\n\t\t\t\t\t\t<\/div>\n\t\t\t\t<\/div>\n\t\t\t\t\t\t<\/div>\n\t\t\t\t\t<\/div>\n\t\t<\/div>\n\t\t\t\t\t\t\t\t<\/div>\n\t\t\t\t\t<\/div>\n\t\t<\/section>\n\t\t\t\t<section class=\"elementor-section elementor-inner-section elementor-element elementor-element-826b33c elementor-section-boxed elementor-section-height-default elementor-section-height-default\" data-id=\"826b33c\" data-element_type=\"section\">\n\t\t\t\t\t\t<div class=\"elementor-container elementor-column-gap-default\">\n\t\t\t\t\t\t\t<div class=\"elementor-row\">\n\t\t\t\t\t<div class=\"aux-parallax-section elementor-column elementor-col-25 elementor-inner-column elementor-element elementor-element-6545e3a\" data-id=\"6545e3a\" data-element_type=\"column\" data-settings=\"{&quot;background_background&quot;:&quot;classic&quot;}\">\n\t\t\t<div class=\"elementor-column-wrap elementor-element-populated\">\n\t\t\t\t\t<div class=\"elementor-background-overlay\"><\/div>\n\t\t\t\t\t\t\t<div class=\"elementor-widget-wrap\">\n\t\t\t\t\t\t<div class=\"elementor-element elementor-element-a5efb08 elementor-widget elementor-widget-text-editor\" data-id=\"a5efb08\" data-element_type=\"widget\" data-widget_type=\"text-editor.default\">\n\t\t\t\t<div class=\"elementor-widget-container\">\n\t\t\t\t\t\t\t\t<div class=\"elementor-text-editor elementor-clearfix\">\n\t\t\t\t<h4><strong><a href=\"https:\/\/arb.sahin61.com.tr\/index.php\/pokut-plateau\/\">\u0647\u0636\u0628\u0629 \u0628\u0648\u0643\u0648\u062a<\/a><\/strong><\/h4>\t\t\t\t\t<\/div>\n\t\t\t\t\t\t<\/div>\n\t\t\t\t<\/div>\n\t\t\t\t\t\t<\/div>\n\t\t\t\t\t<\/div>\n\t\t<\/div>\n\t\t\t\t<div class=\"aux-parallax-section elementor-column elementor-col-25 elementor-inner-column elementor-element elementor-element-e876ae5\" data-id=\"e876ae5\" data-element_type=\"column\" data-settings=\"{&quot;background_background&quot;:&quot;classic&quot;}\">\n\t\t\t<div class=\"elementor-column-wrap elementor-element-populated\">\n\t\t\t\t\t<div class=\"elementor-background-overlay\"><\/div>\n\t\t\t\t\t\t\t<div class=\"elementor-widget-wrap\">\n\t\t\t\t\t\t<div class=\"elementor-element elementor-element-d9332b2 elementor-widget elementor-widget-text-editor\" data-id=\"d9332b2\" data-element_type=\"widget\" data-widget_type=\"text-editor.default\">\n\t\t\t\t<div class=\"elementor-widget-container\">\n\t\t\t\t\t\t\t\t<div class=\"elementor-text-editor elementor-clearfix\">\n\t\t\t\t<h4><strong><a class=\"row-title\" href=\"https:\/\/arb.sahin61.com.tr\/index.php\/sumela\/\" aria-label=\"\u201cS\u00fcmela\u201d (D\u00fczenle)\">\u0633\u0648\u0645\u064a\u0644\u0627<\/a><\/strong><\/h4>\t\t\t\t\t<\/div>\n\t\t\t\t\t\t<\/div>\n\t\t\t\t<\/div>\n\t\t\t\t\t\t<\/div>\n\t\t\t\t\t<\/div>\n\t\t<\/div>\n\t\t\t\t<div class=\"aux-parallax-section elementor-column elementor-col-25 elementor-inner-column elementor-element elementor-element-fff9cd9\" data-id=\"fff9cd9\" data-element_type=\"column\" data-settings=\"{&quot;background_background&quot;:&quot;classic&quot;}\">\n\t\t\t<div class=\"elementor-column-wrap elementor-element-populated\">\n\t\t\t\t\t<div class=\"elementor-background-overlay\"><\/div>\n\t\t\t\t\t\t\t<div class=\"elementor-widget-wrap\">\n\t\t\t\t\t\t<div class=\"elementor-element elementor-element-6035b48 elementor-widget elementor-widget-text-editor\" data-id=\"6035b48\" data-element_type=\"widget\" data-widget_type=\"text-editor.default\">\n\t\t\t\t<div class=\"elementor-widget-container\">\n\t\t\t\t\t\t\t\t<div class=\"elementor-text-editor elementor-clearfix\">\n\t\t\t\t<h4><strong><a class=\"row-title\" href=\"https:\/\/arb.sahin61.com.tr\/index.php\/long-lake\/\" aria-label=\"\u201cUzung\u00f6l\u201d (D\u00fczenle)\">\u0644\u0648\u0646\u062c \u0644\u064a\u0643<\/a><\/strong><\/h4>\t\t\t\t\t<\/div>\n\t\t\t\t\t\t<\/div>\n\t\t\t\t<\/div>\n\t\t\t\t\t\t<\/div>\n\t\t\t\t\t<\/div>\n\t\t<\/div>\n\t\t\t\t<div class=\"aux-parallax-section elementor-column elementor-col-25 elementor-inner-column elementor-element elementor-element-fb7c6ac\" data-id=\"fb7c6ac\" data-element_type=\"column\" data-settings=\"{&quot;background_background&quot;:&quot;classic&quot;}\">\n\t\t\t<div class=\"elementor-column-wrap elementor-element-populated\">\n\t\t\t\t\t<div class=\"elementor-background-overlay\"><\/div>\n\t\t\t\t\t\t\t<div class=\"elementor-widget-wrap\">\n\t\t\t\t\t\t<div class=\"elementor-element elementor-element-abd1346 elementor-widget elementor-widget-text-editor\" data-id=\"abd1346\" data-element_type=\"widget\" data-widget_type=\"text-editor.default\">\n\t\t\t\t<div class=\"elementor-widget-container\">\n\t\t\t\t\t\t\t\t<div class=\"elementor-text-editor elementor-clearfix\">\n\t\t\t\t<h4><strong><a class=\"row-title\" href=\"https:\/\/arb.sahin61.com.tr\/index.php\/zigana-torul-karaca-cave-limni-lake\/\" aria-label=\"\u201cZigana \u2013 Torul &amp; Karaca Ma\u011faras\u0131 &amp; Limni G\u00f6l\u00fc\u201d (D\u00fczenle)\">\u0632\u064a\u063a\u0627\u0646\u0627 &#8211; \u062a\u0648\u0631\u0648\u0644 &amp; \u0643\u0647\u0641 \u0643\u0627\u0631\u0627\u062c\u0627 &amp; \u0628\u062d\u064a\u0631\u0629 \u0644\u064a\u0645\u0646\u064a<\/a><\/strong><\/h4>\t\t\t\t\t<\/div>\n\t\t\t\t\t\t<\/div>\n\t\t\t\t<\/div>\n\t\t\t\t\t\t<\/div>\n\t\t\t\t\t<\/div>\n\t\t<\/div>\n\t\t\t\t\t\t\t\t<\/div>\n\t\t\t\t\t<\/div>\n\t\t<\/section>\n\t\t\t\t<section class=\"elementor-section elementor-inner-section elementor-element elementor-element-9456722 elementor-section-boxed elementor-section-height-default elementor-section-height-default\" data-id=\"9456722\" data-element_type=\"section\">\n\t\t\t\t\t\t<div class=\"elementor-container elementor-column-gap-default\">\n\t\t\t\t\t\t\t<div class=\"elementor-row\">\n\t\t\t\t\t<div class=\"aux-parallax-section elementor-column elementor-col-100 elementor-inner-column elementor-element elementor-element-359b8e4\" data-id=\"359b8e4\" data-element_type=\"column\" data-settings=\"{&quot;background_background&quot;:&quot;classic&quot;}\">\n\t\t\t<div class=\"elementor-column-wrap elementor-element-populated\">\n\t\t\t\t\t<div class=\"elementor-background-overlay\"><\/div>\n\t\t\t\t\t\t\t<div class=\"elementor-widget-wrap\">\n\t\t\t\t\t\t<div class=\"elementor-element elementor-element-0075c34 elementor-widget elementor-widget-text-editor\" data-id=\"0075c34\" data-element_type=\"widget\" data-widget_type=\"text-editor.default\">\n\t\t\t\t<div class=\"elementor-widget-container\">\n\t\t\t\t\t\t\t\t<div class=\"elementor-text-editor elementor-clearfix\">\n\t\t\t\t<h4><strong><a class=\"row-title\" href=\"https:\/\/arb.sahin61.com.tr\/index.php\/trabzon\/\" aria-label=\"\u201cPokut Yaylas\u0131\u201d (D\u00fczenle)\">\u0637\u0631\u0627\u0628\u0632\u0648\u0646<\/a><\/strong><\/h4>\t\t\t\t\t<\/div>\n\t\t\t\t\t\t<\/div>\n\t\t\t\t<\/div>\n\t\t\t\t\t\t<\/div>\n\t\t\t\t\t<\/div>\n\t\t<\/div>\n\t\t\t\t\t\t\t\t<\/div>\n\t\t\t\t\t<\/div>\n\t\t<\/section>\n\t\t\t\t\t\t<\/div>\n\t\t\t\t\t<\/div>\n\t\t<\/div>\n\t\t\t\t\t\t\t\t<\/div>\n\t\t\t\t\t<\/div>\n\t\t<\/section>\n\t\t\t\t\t\t\t\t\t<\/div>\n\t\t\t<\/div>\n\t\t\t\t\t<\/div>\n\t\t","protected":false},"excerpt":{"rendered":"<p>\u062c\u0648\u0644\u0627\u062a \u064a\u0648\u0645\u064a\u0629 \u0647\u0636\u0628\u0629 \u0622\u064a\u062f\u0631 &amp; \u0642\u0644\u0639\u0629 \u0631\u064a\u0632 &amp; \u0647\u0636\u0628\u0629 \u0623\u0646\u0632\u0631 &amp; \u0642\u0644\u0639\u0629 \u0627\u0644\u0628\u0646\u0627\u062a \u0628\u0627\u062a\u0648\u0645 \u0628\u062d\u064a\u0631\u0629 \u0628\u0648\u0631\u0634\u0643\u0627 \u0628\u0648\u0631\u0634\u0643\u0627 \u0628\u062d\u064a\u0631\u0629 \u0628\u0644\u0627\u0643 &amp; \u062f\u0628\u0644 \u0628\u0631\u064a\u062f\u062c \u0633\u062a\u0648\u0631\u0645 \u0643\u0631\u064a\u0643 \u0647\u0636\u0628\u0629 \u062c\u064a\u062a\u0648 \u0647\u0636\u0628\u0629 \u062d\u062f\u064a\u0631\u0646\u064a\u0628\u064a &amp; \u0628\u062d\u064a\u0631\u0629 \u0627\u0644\u0633\u0645\u0643 &amp; \u0643\u0647\u0641 \u0643\u0627\u0644 \u0647\u0648\u0633\u0631 \u0628\u0644\u0627\u062a\u0648 \u0647\u0636\u0628\u0629 \u0628\u0648\u0643\u0648\u062a \u0633\u0648\u0645\u064a\u0644\u0627 \u0644\u0648\u0646\u062c \u0644\u064a\u0643 \u0632\u064a\u063a\u0627\u0646\u0627 &#8211; \u062a\u0648\u0631\u0648\u0644 &amp; \u0643\u0647\u0641 \u0643\u0627\u0631\u0627\u062c\u0627 &amp; \u0628\u062d\u064a\u0631\u0629 \u0644\u064a\u0645\u0646\u064a \u0637\u0631\u0627\u0628\u0632\u0648\u0646<\/p>\n","protected":false},"author":1,"featured_media":0,"parent":0,"menu_order":0,"comment_status":"closed","ping_status":"closed","template":"templates\/page-builder-content.php","meta":[],"_links":{"self":[{"href":"https:\/\/arb.sahin61.com.tr\/index.php\/wp-json\/wp\/v2\/pages\/403"}],"collection":[{"href":"https:\/\/arb.sahin61.com.tr\/index.php\/wp-json\/wp\/v2\/pages"}],"about":[{"href":"https:\/\/arb.sahin61.com.tr\/index.php\/wp-json\/wp\/v2\/types\/page"}],"author":[{"embeddable":true,"href":"https:\/\/arb.sahin61.com.tr\/index.php\/wp-json\/wp\/v2\/users\/1"}],"replies":[{"embeddable":true,"href":"https:\/\/arb.sahin61.com.tr\/index.php\/wp-json\/wp\/v2\/comments?post=403"}],"version-history":[{"count":38,"href":"https:\/\/arb.sahin61.com.tr\/index.php\/wp-json\/wp\/v2\/pages\/403\/revisions"}],"predecessor-version":[{"id":803,"href":"https:\/\/arb.sahin61.com.tr\/index.php\/wp-json\/wp\/v2\/pages\/403\/revisions\/803"}],"wp:attachment":[{"href":"https:\/\/arb.sahin61.com.tr\/index.php\/wp-json\/wp\/v2\/media?parent=403"}],"curies":[{"name":"wp","href":"https:\/\/api.w.org\/{rel}","templated":true}]}}